{"id":81,"date":"2014-10-23T21:11:19","date_gmt":"2014-10-23T19:11:19","guid":{"rendered":"http:\/\/www.helena-svyechinska.com\/?page_id=81"},"modified":"2017-01-25T19:54:47","modified_gmt":"2017-01-25T17:54:47","slug":"mediathek","status":"publish","type":"page","link":"https:\/\/www.helena-svyechinska.com\/?page_id=81","title":{"rendered":"Mediathek"},"content":{"rendered":"<h5>Schubert &#8211; Es Dur Impromptu op.90 No.2<\/h5>\n<p><iframe loading=\"lazy\" src=\"\/\/www.youtube.com\/embed\/-pulIz5cLSg\" width=\"560\" height=\"315\" frameborder=\"0\" allowfullscreen=\"allowfullscreen\"><\/iframe><\/p>\n<h5>Chopin &#8211; Nocturne cis Moll op.27 No. 1<\/h5>\n<p><iframe loading=\"lazy\" src=\"\/\/www.youtube.com\/embed\/V5YMDqaYyIc\" width=\"560\" height=\"315\" frameborder=\"0\" allowfullscreen=\"allowfullscreen\"><\/iframe><\/p>\n<h5>Chopin &#8211; Nocturne Des Dur op.27 No. 2<\/h5>\n<p><iframe loading=\"lazy\" src=\"\/\/www.youtube.com\/embed\/uTpRSXMlPtk\" width=\"560\" height=\"315\" frameborder=\"0\" allowfullscreen=\"allowfullscreen\"><\/iframe><\/p>\n<h5>Beethoven &#8211; &#8222;Tempest&#8220; Sonate No.17, Op.31.2 &#8211; III Allegretto<\/h5>\n<p><iframe loading=\"lazy\" src=\"\/\/www.youtube.com\/embed\/P8JhfyyKdXg\" width=\"560\" height=\"315\" frameborder=\"0\" allowfullscreen=\"allowfullscreen\"><\/iframe><\/p>\n<h5>Camille Saint-Sa\u00ebns &#8211; Danse macabre<\/h5>\n<p><iframe loading=\"lazy\" src=\"\/\/www.youtube.com\/embed\/4IysWxpx_is?\" width=\"560\" height=\"315\" frameborder=\"0\" allowfullscreen=\"allowfullscreen\"><\/iframe><\/p>\n<h5>Edward Grieg &#8211; Sonate f\u00fcr Klavier und Violine in c-moll op.45 &#8211; 3. Satz<\/h5>\n<p><iframe loading=\"lazy\" src=\"\/\/www.youtube.com\/embed\/MteCs1bP7fY?rel=0\" width=\"560\" height=\"315\" frameborder=\"0\" allowfullscreen=\"allowfullscreen\"><\/iframe><\/p>\n<h5>Bed\u0159ich Smetana Aus der Heimat \/ From my homeland 2<\/h5>\n<p><iframe loading=\"lazy\" src=\"\/\/www.youtube.com\/embed\/NR0_qTiZh2c?\" width=\"560\" height=\"315\" frameborder=\"0\" allowfullscreen=\"allowfullscreen\"><\/iframe><\/p>\n","protected":false},"excerpt":{"rendered":"<p>Schubert &#8211; Es Dur Impromptu op.90 No.2 Chopin &#8211; Nocturne cis Moll op.27 No. 1 Chopin &#8211; Nocturne Des Dur op.27 No. 2 Beethoven &#8211; &#8222;Tempest&#8220; Sonate No.17, Op.31.2 &#8211; III Allegretto Camille Saint-Sa\u00ebns &#8211; Danse macabre Edward Grieg &#8211; Sonate f\u00fcr Klavier und Violine in c-moll op.45 &#8211; 3. Satz Bed\u0159ich Smetana Aus der &hellip; <\/p>\n<p class=\"link-more\"><a href=\"https:\/\/www.helena-svyechinska.com\/?page_id=81\" class=\"more-link\"><span class=\"screen-reader-text\">\u201eMediathek\u201c<\/span> weiterlesen<\/a><\/p>\n","protected":false},"author":1,"featured_media":0,"parent":0,"menu_order":0,"comment_status":"closed","ping_status":"closed","template":"","meta":{"footnotes":""},"_links":{"self":[{"href":"https:\/\/www.helena-svyechinska.com\/index.php?rest_route=\/wp\/v2\/pages\/81"}],"collection":[{"href":"https:\/\/www.helena-svyechinska.com\/index.php?rest_route=\/wp\/v2\/pages"}],"about":[{"href":"https:\/\/www.helena-svyechinska.com\/index.php?rest_route=\/wp\/v2\/types\/page"}],"author":[{"embeddable":true,"href":"https:\/\/www.helena-svyechinska.com\/index.php?rest_route=\/wp\/v2\/users\/1"}],"replies":[{"embeddable":true,"href":"https:\/\/www.helena-svyechinska.com\/index.php?rest_route=%2Fwp%2Fv2%2Fcomments&post=81"}],"version-history":[{"count":10,"href":"https:\/\/www.helena-svyechinska.com\/index.php?rest_route=\/wp\/v2\/pages\/81\/revisions"}],"predecessor-version":[{"id":172,"href":"https:\/\/www.helena-svyechinska.com\/index.php?rest_route=\/wp\/v2\/pages\/81\/revisions\/172"}],"wp:attachment":[{"href":"https:\/\/www.helena-svyechinska.com\/index.php?rest_route=%2Fwp%2Fv2%2Fmedia&parent=81"}],"curies":[{"name":"wp","href":"https:\/\/api.w.org\/{rel}","templated":true}]}}